{"id":4558,"date":"2025-04-24T13:36:36","date_gmt":"2025-04-24T10:36:36","guid":{"rendered":"https:\/\/villasipriina.fi\/personal\/"},"modified":"2025-11-05T09:45:41","modified_gmt":"2025-11-05T07:45:41","slug":"personal","status":"publish","type":"page","link":"https:\/\/villasipriina.fi\/sv\/personal\/","title":{"rendered":"Personal"},"content":{"rendered":"\r\n\r\n<section class=\"hero site-banner banner-bg-image section-image-only  alignfull image\">\r\n\r\n    <div class=\"site-banner-bg section-bg-image \" >\r\n\r\n        <img decoding=\"async\" width=\"1600\" height=\"793\" src=\"https:\/\/villasipriina.fi\/wp-content\/uploads\/2025\/04\/itarinne.webp\" class=\"attachment-1536\u00d71536 size-1536\u00d71536\" alt=\"Hirsitalon rakennus: Villa Sipriina.\" srcset=\"https:\/\/villasipriina.fi\/wp-content\/uploads\/2025\/04\/itarinne.webp 1600w, https:\/\/villasipriina.fi\/wp-content\/uploads\/2025\/04\/itarinne-300x149.webp 300w, https:\/\/villasipriina.fi\/wp-content\/uploads\/2025\/04\/itarinne-1024x508.webp 1024w, https:\/\/villasipriina.fi\/wp-content\/uploads\/2025\/04\/itarinne-768x381.webp 768w, https:\/\/villasipriina.fi\/wp-content\/uploads\/2025\/04\/itarinne-1536x761.webp 1536w\" sizes=\"(max-width: 1600px) 100vw, 1600px\" \/>\r\n        \r\n        <\/section>\n\n\n<h1 class=\"wp-block-heading has-text-align-center\">Personal<\/h1>\n\n\n<div class=\"wp-block-image\">\n<figure class=\"aligncenter size-full\"><img decoding=\"async\" width=\"500\" height=\"88\" src=\"https:\/\/villasipriina.fi\/wp-content\/uploads\/2025\/04\/line2.png\" alt=\"\" class=\"wp-image-4203\" srcset=\"https:\/\/villasipriina.fi\/wp-content\/uploads\/2025\/04\/line2.png 500w, https:\/\/villasipriina.fi\/wp-content\/uploads\/2025\/04\/line2-300x53.png 300w\" sizes=\"(max-width: 500px) 100vw, 500px\" \/><\/figure>\n<\/div>\n\n\n<h2 class=\"wp-block-heading has-text-align-center\"><\/h2>\n\n\n\n<div class=\"wp-block-columns is-layout-flex wp-container-core-columns-is-layout-9d6595d7 wp-block-columns-is-layout-flex\">\n<div class=\"wp-block-column is-layout-flow wp-block-column-is-layout-flow\">\n<h2 class=\"wp-block-heading\">Kompetent och utbildad personal<\/h2>\n\n\n\n<p>Villa Sipriinas och Villa Pipariinas kompetenta personal f\u00f6rs\u00f6rjer de boendes v\u00e4lm\u00e5ende och s\u00e4kerhet dygnet runt.<\/p>\n\n\n\n<p>Hos oss utses en egenv\u00e5rdare f\u00f6r varje boende och denna v\u00e5rdare ser till att en service- och rehabiliteringsplan och v\u00e5rdplan g\u00f6rs upp f\u00f6r den boende. Egenv\u00e5rdaren fungerar ocks\u00e5 som kontaktperson mellan den boende, personalen, anh\u00f6riga och andra samarbetsparter.<\/p>\n<\/div>\n\n\n\n<div class=\"wp-block-column is-layout-flow wp-block-column-is-layout-flow\">\n<p><strong>V\u00e5r personal best\u00e5r av:<\/strong><\/p>\n\n\n\n<ul class=\"wp-block-list\">\n<li>v\u00e5rdare av utvecklingsh\u00e4mmade<\/li>\n\n\n\n<li>sjuksk\u00f6tare<\/li>\n\n\n\n<li>n\u00e4rv\u00e5rdare<\/li>\n<\/ul>\n<\/div>\n<\/div>\n","protected":false},"excerpt":{"rendered":"<p>Personal Kompetent och utbildad personal Villa Sipriinas och Villa Pipariinas kompetenta personal f\u00f6rs\u00f6rjer de boendes v\u00e4lm\u00e5ende och s\u00e4kerhet dygnet runt. Hos oss utses en egenv\u00e5rdare f\u00f6r varje boende och denna v\u00e5rdare ser till att en service- och rehabiliteringsplan och v\u00e5rdplan g\u00f6rs upp f\u00f6r den boende. Egenv\u00e5rdaren fungerar ocks\u00e5 som kontaktperson mellan den boende, personalen, anh\u00f6riga [&hellip;]<\/p>\n","protected":false},"author":1,"featured_media":0,"parent":0,"menu_order":0,"comment_status":"closed","ping_status":"closed","template":"","meta":{"_acf_changed":false,"footnotes":""},"class_list":["post-4558","page","type-page","status-publish","hentry"],"acf":[],"aioseo_notices":[],"_links":{"self":[{"href":"https:\/\/villasipriina.fi\/sv\/wp-json\/wp\/v2\/pages\/4558","targetHints":{"allow":["GET"]}}],"collection":[{"href":"https:\/\/villasipriina.fi\/sv\/wp-json\/wp\/v2\/pages"}],"about":[{"href":"https:\/\/villasipriina.fi\/sv\/wp-json\/wp\/v2\/types\/page"}],"author":[{"embeddable":true,"href":"https:\/\/villasipriina.fi\/sv\/wp-json\/wp\/v2\/users\/1"}],"replies":[{"embeddable":true,"href":"https:\/\/villasipriina.fi\/sv\/wp-json\/wp\/v2\/comments?post=4558"}],"version-history":[{"count":0,"href":"https:\/\/villasipriina.fi\/sv\/wp-json\/wp\/v2\/pages\/4558\/revisions"}],"wp:attachment":[{"href":"https:\/\/villasipriina.fi\/sv\/wp-json\/wp\/v2\/media?parent=4558"}],"curies":[{"name":"wp","href":"https:\/\/api.w.org\/{rel}","templated":true}]}}