{"id":4560,"date":"2022-09-19T11:45:14","date_gmt":"2022-09-19T08:45:14","guid":{"rendered":"https:\/\/villasipriina.fi\/kontakta-oss\/"},"modified":"2025-11-11T14:26:10","modified_gmt":"2025-11-11T12:26:10","slug":"kontakta-oss-sipriina","status":"publish","type":"page","link":"https:\/\/villasipriina.fi\/sv\/kontakta-oss-sipriina\/","title":{"rendered":"Kontakta oss &#8211; Sipriina"},"content":{"rendered":"\r\n\r\n<section class=\"hero site-banner banner-bg-image section-image-only  alignfull image\">\r\n\r\n    <div class=\"site-banner-bg section-bg-image \" >\r\n\r\n        <img decoding=\"async\" width=\"1600\" height=\"793\" src=\"https:\/\/villasipriina.fi\/wp-content\/uploads\/2025\/04\/itarinne.webp\" class=\"attachment-1536\u00d71536 size-1536\u00d71536\" alt=\"Hirsitalon rakennus: Villa Sipriina.\" srcset=\"https:\/\/villasipriina.fi\/wp-content\/uploads\/2025\/04\/itarinne.webp 1600w, https:\/\/villasipriina.fi\/wp-content\/uploads\/2025\/04\/itarinne-300x149.webp 300w, https:\/\/villasipriina.fi\/wp-content\/uploads\/2025\/04\/itarinne-1024x508.webp 1024w, https:\/\/villasipriina.fi\/wp-content\/uploads\/2025\/04\/itarinne-768x381.webp 768w, https:\/\/villasipriina.fi\/wp-content\/uploads\/2025\/04\/itarinne-1536x761.webp 1536w\" sizes=\"(max-width: 1600px) 100vw, 1600px\" \/>\r\n        \r\n        <\/section>\n\n\n<h1 class=\"wp-block-heading has-text-align-center\">Kontakta oss<\/h1>\n\n\n<div class=\"wp-block-image\">\n<figure class=\"aligncenter size-full\"><img decoding=\"async\" width=\"500\" height=\"88\" src=\"https:\/\/villasipriina.fi\/wp-content\/uploads\/2025\/04\/line2.png\" alt=\"\" class=\"wp-image-4203\" srcset=\"https:\/\/villasipriina.fi\/wp-content\/uploads\/2025\/04\/line2.png 500w, https:\/\/villasipriina.fi\/wp-content\/uploads\/2025\/04\/line2-300x53.png 300w\" sizes=\"(max-width: 500px) 100vw, 500px\" \/><\/figure>\n<\/div>\n\n\n<h2 class=\"wp-block-heading has-text-align-center\">Villa Sipriina<\/h2>\n\n\n\n<p class=\"has-text-align-center\">Villa Sipriinas grupphem har varit i drift sedan oktober 2020 i ett nybyggt timmerhus i Haapionrinne, Kantvik. Grupphemmet har 15 boendeplatser och ligger cirka fem kilometer fr\u00e5n Kyrksl\u00e4tts centrum, med service i n\u00e4romr\u00e5det. Havet ligger bara 500 meter bort, och motionssp\u00e5r med nya utomhustr\u00e4ningsredskap finns precis intill v\u00e5r byggnad.<\/p>\n\n\n\n<hr class=\"wp-block-separator has-text-color has-light-gray-color has-alpha-channel-opacity has-light-gray-background-color has-background\"\/>\n\n\n\n<h4 class=\"wp-block-heading has-text-align-center\">Du kan h\u00f6ra dig av f\u00f6r hos: <\/h4>\n\n\n\n<p class=\"has-text-align-center\">Du \u00e4r v\u00e4lkommen till oss var \u00e4n du bor i Finland. Du kan bli boende hos oss med en betalningsf\u00f6rbindelse av kommunen. Personalen vid boendet ger g\u00e4rna mer information om v\u00e5ra tj\u00e4nster och avgifter. Vi ger ocks\u00e5 hj\u00e4lp och r\u00e5d n\u00e4r det g\u00e4ller ocks\u00e5 med att ans\u00f6ka om f\u00f6rm\u00e5ner fr\u00e5n FPA.<\/p>\n\n\n\n<div class=\"wp-block-columns is-layout-flex wp-container-core-columns-is-layout-9d6595d7 wp-block-columns-is-layout-flex\">\n<div class=\"wp-block-column is-layout-flow wp-block-column-is-layout-flow\">\n<h3 class=\"wp-block-heading\">Villa Sipriina<\/h3>\n\n\n\n<p>Melarinne 2, 02460 Kantvik<\/p>\n\n\n\n<p>Kontor: 050 3699 997<\/p>\n\n\n\n<p>040 7273 560 \/ Maria Willandt-Nivalainen<\/p>\n\n\n\n<p><a href=\"mailto:Sipriina@villasipriina.fi\">sipriina@villasipriina.fi<\/a><\/p>\n\n\n\n<h3 class=\"wp-block-heading\">Ans\u00f6kan<\/h3>\n\n\n\n<p>\u2022 Vammaistukihakemus<\/p>\n\n\n\n<p>\u2022 El\u00e4kkeensaajan Hoitotukihakemus<\/p>\n\n\n\n<p>\u2022 El\u00e4kkeensaajan Asumistukihakemus<\/p>\n<\/div>\n\n\n\n<div class=\"wp-block-column is-layout-flow wp-block-column-is-layout-flow\">\n<h2 class=\"wp-block-heading\">V\u00e5rt l\u00e4ge<\/h2>\n\n\n\n<p><strong>Villa Sipriina<\/strong><\/p>\n\n\n\n<p>Melarinne 2, 02460 Kantvik<\/p>\n\n\n\r\n<div class=\"maps-block \">\r\n    <iframe class=\"maps-iframe\" src=\"https:\/\/maps.google.com\/maps?q=Melarinne 2, 02460 Kantvik&#038;hl=fi&amp;z=16&amp;output=embed\" class=\"gmaps-iframe\" loading=\"lazy\" title=\"Googlekartta\" tabIndex=\"-1\"><\/iframe>\r\n<\/div><\/div>\n<\/div>\n\n\n\n<h2 class=\"wp-block-heading has-text-align-center\">Personal<\/h2>\n\n\n<div class=\"wp-block-image\">\n<figure class=\"aligncenter size-full\"><img decoding=\"async\" width=\"500\" height=\"88\" src=\"https:\/\/villasipriina.fi\/wp-content\/uploads\/2025\/04\/line2.png\" alt=\"\" class=\"wp-image-4203\" srcset=\"https:\/\/villasipriina.fi\/wp-content\/uploads\/2025\/04\/line2.png 500w, https:\/\/villasipriina.fi\/wp-content\/uploads\/2025\/04\/line2-300x53.png 300w\" sizes=\"(max-width: 500px) 100vw, 500px\" \/><\/figure>\n<\/div>\n\n\n<hr class=\"wp-block-separator has-text-color has-white-color has-alpha-channel-opacity has-white-background-color has-background\"\/>\n\n\n\n<div class=\"wp-block-columns is-layout-flex wp-container-core-columns-is-layout-9d6595d7 wp-block-columns-is-layout-flex\">\n<div class=\"wp-block-column is-layout-flow wp-block-column-is-layout-flow\"><div class=\"wp-block-image\">\n<figure class=\"aligncenter size-full is-resized\"><img decoding=\"async\" width=\"2560\" height=\"1845\" src=\"https:\/\/villasipriina.fi\/wp-content\/uploads\/2025\/04\/dscf0361-edit-scaled.jpg\" alt=\"\" class=\"wp-image-4574\" style=\"width:500px\" srcset=\"https:\/\/villasipriina.fi\/wp-content\/uploads\/2025\/04\/dscf0361-edit-scaled.jpg 2560w, https:\/\/villasipriina.fi\/wp-content\/uploads\/2025\/04\/dscf0361-edit-300x216.jpg 300w, https:\/\/villasipriina.fi\/wp-content\/uploads\/2025\/04\/dscf0361-edit-1024x738.jpg 1024w, https:\/\/villasipriina.fi\/wp-content\/uploads\/2025\/04\/dscf0361-edit-768x554.jpg 768w, https:\/\/villasipriina.fi\/wp-content\/uploads\/2025\/04\/dscf0361-edit-1536x1107.jpg 1536w, https:\/\/villasipriina.fi\/wp-content\/uploads\/2025\/04\/dscf0361-edit-2048x1476.jpg 2048w\" sizes=\"(max-width: 2560px) 100vw, 2560px\" \/><\/figure>\n<\/div><\/div>\n\n\n\n<div class=\"wp-block-column is-layout-flow wp-block-column-is-layout-flow\"><div class=\"wp-block-image\">\n<figure class=\"aligncenter size-large is-resized\"><img decoding=\"async\" width=\"1024\" height=\"1024\" src=\"https:\/\/villasipriina.fi\/wp-content\/uploads\/2025\/04\/dscf0245-1024x1024.jpg\" alt=\"\" class=\"wp-image-4588\" style=\"width:350px\" srcset=\"https:\/\/villasipriina.fi\/wp-content\/uploads\/2025\/04\/dscf0245-1024x1024.jpg 1024w, https:\/\/villasipriina.fi\/wp-content\/uploads\/2025\/04\/dscf0245-300x300.jpg 300w, https:\/\/villasipriina.fi\/wp-content\/uploads\/2025\/04\/dscf0245-150x150.jpg 150w, https:\/\/villasipriina.fi\/wp-content\/uploads\/2025\/04\/dscf0245-768x768.jpg 768w, https:\/\/villasipriina.fi\/wp-content\/uploads\/2025\/04\/dscf0245-1536x1536.jpg 1536w, https:\/\/villasipriina.fi\/wp-content\/uploads\/2025\/04\/dscf0245-2048x2048.jpg 2048w\" sizes=\"(max-width: 1024px) 100vw, 1024px\" \/><figcaption class=\"wp-element-caption\">Vakthavande chef och tr\u00e4ningsmotivator Kira<\/figcaption><\/figure>\n<\/div><\/div>\n<\/div>\n","protected":false},"excerpt":{"rendered":"<p>Kontakta oss Villa Sipriina Villa Sipriinas grupphem har varit i drift sedan oktober 2020 i ett nybyggt timmerhus i Haapionrinne, Kantvik. Grupphemmet har 15 boendeplatser och ligger cirka fem kilometer fr\u00e5n Kyrksl\u00e4tts centrum, med service i n\u00e4romr\u00e5det. Havet ligger bara 500 meter bort, och motionssp\u00e5r med nya utomhustr\u00e4ningsredskap finns precis intill v\u00e5r byggnad. Du kan [&hellip;]<\/p>\n","protected":false},"author":1,"featured_media":0,"parent":0,"menu_order":10,"comment_status":"closed","ping_status":"closed","template":"","meta":{"_acf_changed":false,"footnotes":""},"class_list":["post-4560","page","type-page","status-publish","hentry"],"acf":[],"aioseo_notices":[],"_links":{"self":[{"href":"https:\/\/villasipriina.fi\/sv\/wp-json\/wp\/v2\/pages\/4560","targetHints":{"allow":["GET"]}}],"collection":[{"href":"https:\/\/villasipriina.fi\/sv\/wp-json\/wp\/v2\/pages"}],"about":[{"href":"https:\/\/villasipriina.fi\/sv\/wp-json\/wp\/v2\/types\/page"}],"author":[{"embeddable":true,"href":"https:\/\/villasipriina.fi\/sv\/wp-json\/wp\/v2\/users\/1"}],"replies":[{"embeddable":true,"href":"https:\/\/villasipriina.fi\/sv\/wp-json\/wp\/v2\/comments?post=4560"}],"version-history":[{"count":0,"href":"https:\/\/villasipriina.fi\/sv\/wp-json\/wp\/v2\/pages\/4560\/revisions"}],"wp:attachment":[{"href":"https:\/\/villasipriina.fi\/sv\/wp-json\/wp\/v2\/media?parent=4560"}],"curies":[{"name":"wp","href":"https:\/\/api.w.org\/{rel}","templated":true}]}}