{"id":4861,"date":"2025-11-03T15:58:40","date_gmt":"2025-11-03T13:58:40","guid":{"rendered":"https:\/\/villasipriina.fi\/kontakta-oss-pipariina\/"},"modified":"2025-12-11T12:46:56","modified_gmt":"2025-12-11T10:46:56","slug":"kontakta-oss-pipariina","status":"publish","type":"page","link":"https:\/\/villasipriina.fi\/sv\/kontakta-oss-pipariina\/","title":{"rendered":"Kontakta oss &#8211; Pipariina"},"content":{"rendered":"\r\n\r\n<section class=\"hero site-banner banner-bg-image section-image-only  alignfull image\">\r\n\r\n    <div class=\"site-banner-bg section-bg-image \" >\r\n\r\n        <img decoding=\"async\" width=\"1600\" height=\"793\" src=\"https:\/\/villasipriina.fi\/wp-content\/uploads\/2025\/04\/itarinne.webp\" class=\"attachment-1536\u00d71536 size-1536\u00d71536\" alt=\"Hirsitalon rakennus: Villa Sipriina.\" srcset=\"https:\/\/villasipriina.fi\/wp-content\/uploads\/2025\/04\/itarinne.webp 1600w, https:\/\/villasipriina.fi\/wp-content\/uploads\/2025\/04\/itarinne-300x149.webp 300w, https:\/\/villasipriina.fi\/wp-content\/uploads\/2025\/04\/itarinne-1024x508.webp 1024w, https:\/\/villasipriina.fi\/wp-content\/uploads\/2025\/04\/itarinne-768x381.webp 768w, https:\/\/villasipriina.fi\/wp-content\/uploads\/2025\/04\/itarinne-1536x761.webp 1536w\" sizes=\"(max-width: 1600px) 100vw, 1600px\" \/>\r\n        \r\n        <\/section>\n\n\n<h1 class=\"wp-block-heading has-text-align-center\">Kontakta oss<\/h1>\n\n\n<div class=\"wp-block-image\">\n<figure class=\"aligncenter size-full\"><img decoding=\"async\" width=\"500\" height=\"88\" src=\"https:\/\/villasipriina.fi\/wp-content\/uploads\/2025\/04\/line2.png\" alt=\"\" class=\"wp-image-4203\" srcset=\"https:\/\/villasipriina.fi\/wp-content\/uploads\/2025\/04\/line2.png 500w, https:\/\/villasipriina.fi\/wp-content\/uploads\/2025\/04\/line2-300x53.png 300w\" sizes=\"(max-width: 500px) 100vw, 500px\" \/><\/figure>\n<\/div>\n\n\n<h2 class=\"wp-block-heading has-text-align-center\"><strong>Villa Pipariina<\/strong><\/h2>\n\n\n\n<p class=\"has-text-align-center\">Villa Pipariina \u00e4r v\u00e5rt nyaste grupphem och finns i ett timmerhus som f\u00e4rdigst\u00e4lldes 2025 i Jolkby, endast tv\u00e5 kilometer fr\u00e5n Kyrksl\u00e4tts centrum. Grupphemmet har 16 boendeplatser. Villa Pipariina ligger i ett trivsamt och lugnt omr\u00e5de n\u00e4ra vackra friluftsomr\u00e5den.<\/p>\n\n\n\n<hr class=\"wp-block-separator has-text-color has-light-gray-color has-alpha-channel-opacity has-light-gray-background-color has-background\"\/>\n\n\n\n<h4 class=\"wp-block-heading has-text-align-center\">Ta g\u00e4rna kontakt med oss!<\/h4>\n\n\n\n<p class=\"has-text-align-center\">Vi v\u00e4lkomnar boende fr\u00e5n hela Finland. Du kan flytta till oss \u00e4ven med en kommunal betalningsf\u00f6rbindelse. V\u00e5r personal ber\u00e4ttar g\u00e4rna mer om de tj\u00e4nster och avgifter som v\u00e5rt gruppboende erbjuder. Vi hj\u00e4lper och v\u00e4gleder dig ocks\u00e5 med att ans\u00f6ka om FPA:s f\u00f6rm\u00e5ner. Kom ih\u00e5g att f\u00f6lja oss \u00e4ven p\u00e5 Facebook!!<\/p>\n\n\n\n<div class=\"wp-block-columns is-layout-flex wp-container-core-columns-is-layout-9d6595d7 wp-block-columns-is-layout-flex\">\n<div class=\"wp-block-column is-layout-flow wp-block-column-is-layout-flow\">\n<h3 class=\"wp-block-heading\">Kontakta oss<\/h3>\n\n\n\n<p>Hirvitie 7 B<\/p>\n\n\n\n<p>02400 Kirkkonummi<\/p>\n\n\n\n<p>Kanslia: 050 386 6635<\/p>\n\n\n\n<p>Tomi Ranta: 050 380 9854<\/p>\n\n\n\n<p><a href=\"mailto:Pipariina@villasipriina.fi\">pipariina@villasipriina.fi<\/a><\/p>\n\n\n\n<p><strong>Ans\u00f6kan<\/strong><\/p>\n\n\n\n<p>\u2022 Vammaistukihakemus<\/p>\n\n\n\n<p>\u2022 El\u00e4kkeensaajan Hoitotukihakemus<\/p>\n\n\n\n<p>\u2022 El\u00e4kkeensaajan Asumistukihakemus<\/p>\n<\/div>\n\n\n\n<div class=\"wp-block-column is-vertically-aligned-stretch is-layout-flow wp-block-column-is-layout-flow\">\n<h2 class=\"wp-block-heading\">V\u00e5rt l\u00e4ge<\/h2>\n\n\n\n<p><strong>Villa Pipariina<\/strong><\/p>\n\n\n\n<p>Hirvitie 7 B, 02400 Kirkkonummi<\/p>\n\n\n\r\n<div class=\"maps-block \">\r\n    <iframe class=\"maps-iframe\" src=\"https:\/\/maps.google.com\/maps?q=Hirvitie 7 B, 02400 Kirkkonummi&#038;hl=fi&amp;z=16&amp;output=embed\" class=\"gmaps-iframe\" loading=\"lazy\" title=\"Googlekartta\" tabIndex=\"-1\"><\/iframe>\r\n<\/div><\/div>\n<\/div>\n\n\n\n<hr class=\"wp-block-separator has-text-color has-white-color has-alpha-channel-opacity has-white-background-color has-background\"\/>\n\n\n\n<h2 class=\"wp-block-heading has-text-align-center\">Personal<\/h2>\n\n\n<div class=\"wp-block-image\">\n<figure class=\"aligncenter size-full\"><img decoding=\"async\" width=\"500\" height=\"88\" src=\"https:\/\/villasipriina.fi\/wp-content\/uploads\/2025\/04\/line2.png\" alt=\"\" class=\"wp-image-4203\" srcset=\"https:\/\/villasipriina.fi\/wp-content\/uploads\/2025\/04\/line2.png 500w, https:\/\/villasipriina.fi\/wp-content\/uploads\/2025\/04\/line2-300x53.png 300w\" sizes=\"(max-width: 500px) 100vw, 500px\" \/><\/figure>\n<\/div>\n\n\n<div class=\"wp-block-columns is-layout-flex wp-container-core-columns-is-layout-9d6595d7 wp-block-columns-is-layout-flex\">\n<div class=\"wp-block-column is-layout-flow wp-block-column-is-layout-flow\"><div class=\"wp-block-image\">\n<figure class=\"aligncenter size-full is-resized\"><img decoding=\"async\" width=\"2560\" height=\"1844\" src=\"https:\/\/villasipriina.fi\/wp-content\/uploads\/2025\/11\/dscf0030-edit-scaled.jpg\" alt=\"\" class=\"wp-image-4849\" style=\"width:500px\" srcset=\"https:\/\/villasipriina.fi\/wp-content\/uploads\/2025\/11\/dscf0030-edit-scaled.jpg 2560w, https:\/\/villasipriina.fi\/wp-content\/uploads\/2025\/11\/dscf0030-edit-300x216.jpg 300w, https:\/\/villasipriina.fi\/wp-content\/uploads\/2025\/11\/dscf0030-edit-1024x738.jpg 1024w, https:\/\/villasipriina.fi\/wp-content\/uploads\/2025\/11\/dscf0030-edit-768x553.jpg 768w, https:\/\/villasipriina.fi\/wp-content\/uploads\/2025\/11\/dscf0030-edit-1536x1106.jpg 1536w, https:\/\/villasipriina.fi\/wp-content\/uploads\/2025\/11\/dscf0030-edit-2048x1475.jpg 2048w\" sizes=\"(max-width: 2560px) 100vw, 2560px\" \/><\/figure>\n<\/div><\/div>\n\n\n\n<div class=\"wp-block-column is-layout-flow wp-block-column-is-layout-flow\"><div class=\"wp-block-image\">\n<figure class=\"aligncenter size-large is-resized\"><img decoding=\"async\" width=\"1024\" height=\"873\" src=\"https:\/\/villasipriina.fi\/wp-content\/uploads\/2025\/11\/pipariinakoira-1024x873.png\" alt=\"\" class=\"wp-image-4878\" style=\"width:350px\" srcset=\"https:\/\/villasipriina.fi\/wp-content\/uploads\/2025\/11\/pipariinakoira-1024x873.png 1024w, https:\/\/villasipriina.fi\/wp-content\/uploads\/2025\/11\/pipariinakoira-300x256.png 300w, https:\/\/villasipriina.fi\/wp-content\/uploads\/2025\/11\/pipariinakoira-768x655.png 768w, https:\/\/villasipriina.fi\/wp-content\/uploads\/2025\/11\/pipariinakoira-1536x1310.png 1536w, https:\/\/villasipriina.fi\/wp-content\/uploads\/2025\/11\/pipariinakoira-2048x1746.png 2048w\" sizes=\"(max-width: 1024px) 100vw, 1024px\" \/><figcaption class=\"wp-element-caption\">Aksu \u2013 senior kontorshund<\/figcaption><\/figure>\n<\/div><\/div>\n<\/div>\n","protected":false},"excerpt":{"rendered":"<p>Kontakta oss Villa Pipariina Villa Pipariina \u00e4r v\u00e5rt nyaste grupphem och finns i ett timmerhus som f\u00e4rdigst\u00e4lldes 2025 i Jolkby, endast tv\u00e5 kilometer fr\u00e5n Kyrksl\u00e4tts centrum. Grupphemmet har 16 boendeplatser. Villa Pipariina ligger i ett trivsamt och lugnt omr\u00e5de n\u00e4ra vackra friluftsomr\u00e5den. Ta g\u00e4rna kontakt med oss! Vi v\u00e4lkomnar boende fr\u00e5n hela Finland. Du kan [&hellip;]<\/p>\n","protected":false},"author":1,"featured_media":0,"parent":0,"menu_order":0,"comment_status":"closed","ping_status":"closed","template":"","meta":{"_acf_changed":false,"footnotes":""},"class_list":["post-4861","page","type-page","status-publish","hentry"],"acf":[],"aioseo_notices":[],"_links":{"self":[{"href":"https:\/\/villasipriina.fi\/sv\/wp-json\/wp\/v2\/pages\/4861","targetHints":{"allow":["GET"]}}],"collection":[{"href":"https:\/\/villasipriina.fi\/sv\/wp-json\/wp\/v2\/pages"}],"about":[{"href":"https:\/\/villasipriina.fi\/sv\/wp-json\/wp\/v2\/types\/page"}],"author":[{"embeddable":true,"href":"https:\/\/villasipriina.fi\/sv\/wp-json\/wp\/v2\/users\/1"}],"replies":[{"embeddable":true,"href":"https:\/\/villasipriina.fi\/sv\/wp-json\/wp\/v2\/comments?post=4861"}],"version-history":[{"count":0,"href":"https:\/\/villasipriina.fi\/sv\/wp-json\/wp\/v2\/pages\/4861\/revisions"}],"wp:attachment":[{"href":"https:\/\/villasipriina.fi\/sv\/wp-json\/wp\/v2\/media?parent=4861"}],"curies":[{"name":"wp","href":"https:\/\/api.w.org\/{rel}","templated":true}]}}